{"id":6967,"date":"2024-03-27T10:34:52","date_gmt":"2024-03-27T09:34:52","guid":{"rendered":"https:\/\/lotusawakenings.com\/?page_id=6967"},"modified":"2024-03-27T12:07:50","modified_gmt":"2024-03-27T11:07:50","slug":"lynn-thiry-professeure-cours-kundalini-yoga-la-garde-83130","status":"publish","type":"page","link":"https:\/\/lotusawakenings.com\/index.php\/lynn-thiry-professeure-cours-kundalini-yoga-la-garde-83130\/","title":{"rendered":"Lynn THIRY professeure-cours-kundalini-yoga-la-garde-83130"},"content":{"rendered":"\t\t<div data-elementor-type=\"wp-page\" data-elementor-id=\"6967\" class=\"elementor elementor-6967\">\n\t\t\t\t\t\t<section class=\"elementor-section elementor-top-section elementor-element elementor-element-c1cecc9 elementor-section-full_width elementor-section-height-default elementor-section-height-default\" data-id=\"c1cecc9\" data-element_type=\"section\">\n\t\t\t\t\t\t<div class=\"elementor-container elementor-column-gap-default\">\n\t\t\t\t\t<div class=\"elementor-column elementor-col-100 elementor-top-column elementor-element elementor-element-c4ab7d7\" data-id=\"c4ab7d7\" data-element_type=\"column\">\n\t\t\t<div class=\"elementor-widget-wrap elementor-element-populated\">\n\t\t\t\t\t\t<div class=\"elementor-element elementor-element-84c0770 elementor-invisible elementor-widget elementor-widget-heading\" data-id=\"84c0770\" data-element_type=\"widget\" data-settings=\"{&quot;_animation&quot;:&quot;fadeIn&quot;,&quot;_animation_delay&quot;:400}\" data-widget_type=\"heading.default\">\n\t\t\t\t<div class=\"elementor-widget-container\">\n\t\t\t\t\t<h1 class=\"elementor-heading-title elementor-size-default\">Cours et Classes de Kundalini Yoga \u00e0 proximit\u00e9 de La Garde 83130<\/h1>\t\t\t\t<\/div>\n\t\t\t\t<\/div>\n\t\t\t\t<div class=\"elementor-element elementor-element-5366762 elementor-hidden-mobile elementor-widget elementor-widget-image\" data-id=\"5366762\" data-element_type=\"widget\" data-settings=\"{&quot;_animation_mobile&quot;:&quot;slideInRight&quot;}\" data-widget_type=\"image.default\">\n\t\t\t\t<div class=\"elementor-widget-container\">\n\t\t\t\t\t\t\t\t\t\t\t\t\t\t\t<img fetchpriority=\"high\" decoding=\"async\" width=\"1024\" height=\"461\" src=\"https:\/\/lotusawakenings.com\/wp-content\/uploads\/2023\/07\/kundalini_yoga__la_valette_du_var-1024x461.jpg\" class=\"attachment-large size-large wp-image-5158\" alt=\"\" srcset=\"https:\/\/lotusawakenings.com\/wp-content\/uploads\/2023\/07\/kundalini_yoga__la_valette_du_var-1024x461.jpg 1024w, https:\/\/lotusawakenings.com\/wp-content\/uploads\/2023\/07\/kundalini_yoga__la_valette_du_var-300x135.jpg 300w, https:\/\/lotusawakenings.com\/wp-content\/uploads\/2023\/07\/kundalini_yoga__la_valette_du_var-768x345.jpg 768w, https:\/\/lotusawakenings.com\/wp-content\/uploads\/2023\/07\/kundalini_yoga__la_valette_du_var-1536x691.jpg 1536w, https:\/\/lotusawakenings.com\/wp-content\/uploads\/2023\/07\/kundalini_yoga__la_valette_du_var.jpg 1754w\" sizes=\"(max-width: 1024px) 100vw, 1024px\" \/>\t\t\t\t\t\t\t\t\t\t\t\t\t\t\t<\/div>\n\t\t\t\t<\/div>\n\t\t\t\t<div class=\"elementor-element elementor-element-852884a elementor-hidden-desktop elementor-hidden-tablet elementor-widget elementor-widget-image\" data-id=\"852884a\" data-element_type=\"widget\" data-settings=\"{&quot;_animation_mobile&quot;:&quot;slideInLeft&quot;}\" data-widget_type=\"image.default\">\n\t\t\t\t<div class=\"elementor-widget-container\">\n\t\t\t\t\t\t\t\t\t\t\t\t\t\t\t<img fetchpriority=\"high\" decoding=\"async\" width=\"1024\" height=\"461\" src=\"https:\/\/lotusawakenings.com\/wp-content\/uploads\/2023\/07\/kundalini_yoga__la_valette_du_var-1024x461.jpg\" class=\"attachment-large size-large wp-image-5158\" alt=\"\" srcset=\"https:\/\/lotusawakenings.com\/wp-content\/uploads\/2023\/07\/kundalini_yoga__la_valette_du_var-1024x461.jpg 1024w, https:\/\/lotusawakenings.com\/wp-content\/uploads\/2023\/07\/kundalini_yoga__la_valette_du_var-300x135.jpg 300w, https:\/\/lotusawakenings.com\/wp-content\/uploads\/2023\/07\/kundalini_yoga__la_valette_du_var-768x345.jpg 768w, https:\/\/lotusawakenings.com\/wp-content\/uploads\/2023\/07\/kundalini_yoga__la_valette_du_var-1536x691.jpg 1536w, https:\/\/lotusawakenings.com\/wp-content\/uploads\/2023\/07\/kundalini_yoga__la_valette_du_var.jpg 1754w\" sizes=\"(max-width: 1024px) 100vw, 1024px\" \/>\t\t\t\t\t\t\t\t\t\t\t\t\t\t\t<\/div>\n\t\t\t\t<\/div>\n\t\t\t\t<div class=\"elementor-element elementor-element-ffa9da5 elementor-invisible elementor-widget elementor-widget-text-editor\" data-id=\"ffa9da5\" data-element_type=\"widget\" data-settings=\"{&quot;_animation&quot;:&quot;fadeIn&quot;,&quot;_animation_delay&quot;:600}\" data-widget_type=\"text-editor.default\">\n\t\t\t\t<div class=\"elementor-widget-container\">\n\t\t\t\t\t\t\t\t\t<p><strong>Les cours et classes de Yoga Kundalini sont facilement accessibles depuis <a href=\"https:\/\/lotusawakenings.com\/index.php\/lynn-thiry-professeure-cours-kundalini-yoga-toulon-83000-83100-83200\/\">Toulon<\/a>, <a href=\"https:\/\/lotusawakenings.com\/index.php\/lynn-thiry-professeure-cours-kundalini-yoga-la-garde-83130\/\">La Garde<\/a>, <a href=\"https:\/\/lotusawakenings.com\/index.php\/lynn-thiry-professeure-cours-kundalini-yoga-la-crau-83260\/\">La Crau<\/a>,\u00a0<a href=\"https:\/\/lotusawakenings.com\/index.php\/lynn-thiry-professeure-cours-kundalini-yoga-la-farlede-83210\/\">La Farl\u00e8de,<\/a> <a href=\"https:\/\/lotusawakenings.com\/index.php\/lynn-thiry-professeure-cours-kundalini-yoga-le-pradet-83220\/\">Le Pradet<\/a>, <a href=\"https:\/\/lotusawakenings.com\/index.php\/lynn-thiry-professeure-cours-kundalini-yoga-hyeres-83400\/\">Hy\u00e8res<\/a> et <a href=\"https:\/\/lotusawakenings.com\/index.php\/lynn-thiry-professeure-cours-kundalini-yoga-la-seyne-sur-mer-83500\/\">La Seyne-sur-Mer<\/a>.<\/strong><\/p><p>Situ\u00e9e dans la r\u00e9gion Provence-Alpes-C\u00f4te d&rsquo;Azur (PACA) et dans le d\u00e9partement Var, <strong>la commune de La Garde<\/strong> se situe dans le d\u00e9partement du Var 83 situ\u00e9 dans la r\u00e9gion Provence-Alpes-C\u00f4te d&rsquo;Azur (PACA). <strong>La ville de La Garde<\/strong> est positionn\u00e9e \u00e0 11 km \u00e0 l&rsquo;est de Toulon, dans l&rsquo;aire urbaine de Toulon. <strong>La Garde 83130<\/strong> compte pr\u00e8s de 26000 habitants. Le chef lieu du d\u00e9partement est la ville de Toulon.<\/p>\t\t\t\t\t\t\t\t<\/div>\n\t\t\t\t<\/div>\n\t\t\t\t<div class=\"elementor-element elementor-element-e2d3573 elementor-hidden-mobile elementor-widget elementor-widget-image\" data-id=\"e2d3573\" data-element_type=\"widget\" data-settings=\"{&quot;_animation_mobile&quot;:&quot;slideInRight&quot;}\" data-widget_type=\"image.default\">\n\t\t\t\t<div class=\"elementor-widget-container\">\n\t\t\t\t\t\t\t\t\t\t\t\t\t\t\t<img decoding=\"async\" width=\"104\" height=\"134\" src=\"https:\/\/lotusawakenings.com\/wp-content\/uploads\/2024\/02\/lynn_thiry_logo_FFKY.jpg\" class=\"attachment-medium_large size-medium_large wp-image-5991\" alt=\"\" \/>\t\t\t\t\t\t\t\t\t\t\t\t\t\t\t<\/div>\n\t\t\t\t<\/div>\n\t\t\t\t<div class=\"elementor-element elementor-element-f937e7c elementor-hidden-desktop elementor-hidden-tablet elementor-widget elementor-widget-image\" data-id=\"f937e7c\" data-element_type=\"widget\" data-settings=\"{&quot;_animation_mobile&quot;:&quot;slideInLeft&quot;}\" data-widget_type=\"image.default\">\n\t\t\t\t<div class=\"elementor-widget-container\">\n\t\t\t\t\t\t\t\t\t\t\t\t\t\t\t<img decoding=\"async\" width=\"104\" height=\"134\" src=\"https:\/\/lotusawakenings.com\/wp-content\/uploads\/2024\/02\/lynn_thiry_logo_FFKY.jpg\" class=\"attachment-medium_large size-medium_large wp-image-5991\" alt=\"\" \/>\t\t\t\t\t\t\t\t\t\t\t\t\t\t\t<\/div>\n\t\t\t\t<\/div>\n\t\t\t\t<div class=\"elementor-element elementor-element-149adc2 elementor-invisible elementor-widget elementor-widget-heading\" data-id=\"149adc2\" data-element_type=\"widget\" data-settings=\"{&quot;_animation&quot;:&quot;fadeIn&quot;,&quot;_animation_delay&quot;:400}\" data-widget_type=\"heading.default\">\n\t\t\t\t<div class=\"elementor-widget-container\">\n\t\t\t\t\t<h1 class=\"elementor-heading-title elementor-size-default\">Lynn THIRY, votre professeure de Kundalini Yoga proche de La Garde 83130<\/h1>\t\t\t\t<\/div>\n\t\t\t\t<\/div>\n\t\t\t\t<div class=\"elementor-element elementor-element-33575c5 elementor-widget elementor-widget-text-editor\" data-id=\"33575c5\" data-element_type=\"widget\" data-widget_type=\"text-editor.default\">\n\t\t\t\t<div class=\"elementor-widget-container\">\n\t\t\t\t\t\t\t\t\t<p>Lynn THIRY, votre professeure de Yoga Kundalini certifi\u00e9e depuis 2008, vous fait profiter pleinement des bienfaits des s\u00e9ances de yoga.<\/p><p>Participez \u00e0 des classes de Kundalini Yoga en groupe, en priv\u00e9 et m\u00eame en direct et en ligne. Passez un moment agr\u00e9able et maintenez votre corps en forme.<\/p><p><strong>PLANNING DES COURS<\/strong><br \/><strong>-Cours au DOJO Body Relax, La Coupiane 83160 La Valette du Var : les mercredis de 19h00 \u00e0 20h30<\/strong><br \/><strong>-Cours au 117 avenue Gabriel P\u00e9ri 83160 La Valette du Var : les jeudis de 9h30 \u00e0 11h00 et les vendredis de 9h30 \u00e0 11h00<\/strong><\/p><p><strong>Lynn THIRY vous re\u00e7oit \u00e0 son cabinet \u00e0 proximit\u00e9 de La Garde 83130 pour des cours de yoga Kundalini.<\/strong><\/p><p>N&rsquo;h\u00e9sitez plus : r\u00e9servez d\u00e8s maintenant.<\/p>\t\t\t\t\t\t\t\t<\/div>\n\t\t\t\t<\/div>\n\t\t\t\t\t<\/div>\n\t\t<\/div>\n\t\t\t\t\t<\/div>\n\t\t<\/section>\n\t\t\t\t<section class=\"elementor-section elementor-top-section elementor-element elementor-element-906897e elementor-section-boxed elementor-section-height-default elementor-section-height-default\" data-id=\"906897e\" data-element_type=\"section\">\n\t\t\t\t\t\t<div class=\"elementor-container elementor-column-gap-default\">\n\t\t\t\t\t<div class=\"elementor-column elementor-col-100 elementor-top-column elementor-element elementor-element-e3f1f84\" data-id=\"e3f1f84\" data-element_type=\"column\">\n\t\t\t<div class=\"elementor-widget-wrap elementor-element-populated\">\n\t\t\t\t\t\t<div class=\"elementor-element elementor-element-a27289a elementor-widget elementor-widget-google_maps\" data-id=\"a27289a\" data-element_type=\"widget\" data-widget_type=\"google_maps.default\">\n\t\t\t\t<div class=\"elementor-widget-container\">\n\t\t\t\t\t\t\t<div class=\"elementor-custom-embed\">\n\t\t\t<iframe loading=\"lazy\"\n\t\t\t\t\tsrc=\"https:\/\/maps.google.com\/maps?q=lynn%20thiry&#038;t=m&#038;z=13&#038;output=embed&#038;iwloc=near\"\n\t\t\t\t\ttitle=\"lynn thiry\"\n\t\t\t\t\taria-label=\"lynn thiry\"\n\t\t\t><\/iframe>\n\t\t<\/div>\n\t\t\t\t\t\t<\/div>\n\t\t\t\t<\/div>\n\t\t\t\t\t<\/div>\n\t\t<\/div>\n\t\t\t\t\t<\/div>\n\t\t<\/section>\n\t\t\t\t<\/div>\n\t\t","protected":false},"excerpt":{"rendered":"<p>Cours et Classes de Kundalini Yoga \u00e0 proximit\u00e9 de La Garde 83130 Les cours et classes de Yoga Kundalini sont facilement accessibles depuis Toulon, La Garde, La Crau,\u00a0La Farl\u00e8de, Le Pradet, Hy\u00e8res et La Seyne-sur-Mer. Situ\u00e9e dans la r\u00e9gion Provence-Alpes-C\u00f4te d&rsquo;Azur (PACA) et dans le d\u00e9partement Var, la commune de La Garde se situe dans [&hellip;]<\/p>\n","protected":false},"author":1,"featured_media":0,"parent":0,"menu_order":0,"comment_status":"closed","ping_status":"closed","template":"elementor_header_footer","meta":{"ocean_post_layout":"","ocean_both_sidebars_style":"","ocean_both_sidebars_content_width":0,"ocean_both_sidebars_sidebars_width":0,"ocean_sidebar":"","ocean_second_sidebar":"","ocean_disable_margins":"enable","ocean_add_body_class":"","ocean_shortcode_before_top_bar":"","ocean_shortcode_after_top_bar":"","ocean_shortcode_before_header":"","ocean_shortcode_after_header":"","ocean_has_shortcode":"","ocean_shortcode_after_title":"","ocean_shortcode_before_footer_widgets":"","ocean_shortcode_after_footer_widgets":"","ocean_shortcode_before_footer_bottom":"","ocean_shortcode_after_footer_bottom":"","ocean_display_top_bar":"default","ocean_display_header":"default","ocean_header_style":"","ocean_center_header_left_menu":"","ocean_custom_header_template":"","ocean_custom_logo":0,"ocean_custom_retina_logo":0,"ocean_custom_logo_max_width":0,"ocean_custom_logo_tablet_max_width":0,"ocean_custom_logo_mobile_max_width":0,"ocean_custom_logo_max_height":0,"ocean_custom_logo_tablet_max_height":0,"ocean_custom_logo_mobile_max_height":0,"ocean_header_custom_menu":"","ocean_menu_typo_font_family":"","ocean_menu_typo_font_subset":"","ocean_menu_typo_font_size":0,"ocean_menu_typo_font_size_tablet":0,"ocean_menu_typo_font_size_mobile":0,"ocean_menu_typo_font_size_unit":"px","ocean_menu_typo_font_weight":"","ocean_menu_typo_font_weight_tablet":"","ocean_menu_typo_font_weight_mobile":"","ocean_menu_typo_transform":"","ocean_menu_typo_transform_tablet":"","ocean_menu_typo_transform_mobile":"","ocean_menu_typo_line_height":0,"ocean_menu_typo_line_height_tablet":0,"ocean_menu_typo_line_height_mobile":0,"ocean_menu_typo_line_height_unit":"","ocean_menu_typo_spacing":0,"ocean_menu_typo_spacing_tablet":0,"ocean_menu_typo_spacing_mobile":0,"ocean_menu_typo_spacing_unit":"","ocean_menu_link_color":"","ocean_menu_link_color_hover":"","ocean_menu_link_color_active":"","ocean_menu_link_background":"","ocean_menu_link_hover_background":"","ocean_menu_link_active_background":"","ocean_menu_social_links_bg":"","ocean_menu_social_hover_links_bg":"","ocean_menu_social_links_color":"","ocean_menu_social_hover_links_color":"","ocean_disable_title":"default","ocean_disable_heading":"default","ocean_post_title":"","ocean_post_subheading":"","ocean_post_title_style":"","ocean_post_title_background_color":"","ocean_post_title_background":0,"ocean_post_title_bg_image_position":"","ocean_post_title_bg_image_attachment":"","ocean_post_title_bg_image_repeat":"","ocean_post_title_bg_image_size":"","ocean_post_title_height":0,"ocean_post_title_bg_overlay":0.5,"ocean_post_title_bg_overlay_color":"","ocean_disable_breadcrumbs":"default","ocean_breadcrumbs_color":"","ocean_breadcrumbs_separator_color":"","ocean_breadcrumbs_links_color":"","ocean_breadcrumbs_links_hover_color":"","ocean_display_footer_widgets":"default","ocean_display_footer_bottom":"default","ocean_custom_footer_template":"","footnotes":""},"class_list":["post-6967","page","type-page","status-publish","hentry","entry"],"_links":{"self":[{"href":"https:\/\/lotusawakenings.com\/index.php\/wp-json\/wp\/v2\/pages\/6967","targetHints":{"allow":["GET"]}}],"collection":[{"href":"https:\/\/lotusawakenings.com\/index.php\/wp-json\/wp\/v2\/pages"}],"about":[{"href":"https:\/\/lotusawakenings.com\/index.php\/wp-json\/wp\/v2\/types\/page"}],"author":[{"embeddable":true,"href":"https:\/\/lotusawakenings.com\/index.php\/wp-json\/wp\/v2\/users\/1"}],"replies":[{"embeddable":true,"href":"https:\/\/lotusawakenings.com\/index.php\/wp-json\/wp\/v2\/comments?post=6967"}],"version-history":[{"count":13,"href":"https:\/\/lotusawakenings.com\/index.php\/wp-json\/wp\/v2\/pages\/6967\/revisions"}],"predecessor-version":[{"id":7171,"href":"https:\/\/lotusawakenings.com\/index.php\/wp-json\/wp\/v2\/pages\/6967\/revisions\/7171"}],"wp:attachment":[{"href":"https:\/\/lotusawakenings.com\/index.php\/wp-json\/wp\/v2\/media?parent=6967"}],"curies":[{"name":"wp","href":"https:\/\/api.w.org\/{rel}","templated":true}]}}