{"id":6904,"date":"2024-03-27T10:14:21","date_gmt":"2024-03-27T09:14:21","guid":{"rendered":"https:\/\/lotusawakenings.com\/?page_id=6904"},"modified":"2024-03-27T11:15:18","modified_gmt":"2024-03-27T10:15:18","slug":"lynn-thiry-formation-seance-reiki-la-crau-83260","status":"publish","type":"page","link":"https:\/\/lotusawakenings.com\/index.php\/lynn-thiry-formation-seance-reiki-la-crau-83260\/","title":{"rendered":"Lynn THIRY formation-s\u00e9ance-reiki-la-crau-83260"},"content":{"rendered":"\t\t<div data-elementor-type=\"wp-page\" data-elementor-id=\"6904\" class=\"elementor elementor-6904\">\n\t\t\t\t\t\t<section class=\"elementor-section elementor-top-section elementor-element elementor-element-c949363 elementor-section-full_width elementor-section-height-default elementor-section-height-default\" data-id=\"c949363\" data-element_type=\"section\">\n\t\t\t\t\t\t<div class=\"elementor-container elementor-column-gap-default\">\n\t\t\t\t\t<div class=\"elementor-column elementor-col-100 elementor-top-column elementor-element elementor-element-427afb3\" data-id=\"427afb3\" data-element_type=\"column\">\n\t\t\t<div class=\"elementor-widget-wrap elementor-element-populated\">\n\t\t\t\t\t\t<div class=\"elementor-element elementor-element-d96c3ea elementor-invisible elementor-widget elementor-widget-heading\" data-id=\"d96c3ea\" data-element_type=\"widget\" data-settings=\"{&quot;_animation&quot;:&quot;fadeIn&quot;,&quot;_animation_delay&quot;:400}\" data-widget_type=\"heading.default\">\n\t\t\t\t<div class=\"elementor-widget-container\">\n\t\t\t\t\t<h1 class=\"elementor-heading-title elementor-size-default\">S\u00e9ances \u00e9nerg\u00e9tiques Reiki et formations Reiki (Usui et Karuna) \u00e0 proximit\u00e9 de La Crau 83260<\/h1>\t\t\t\t<\/div>\n\t\t\t\t<\/div>\n\t\t\t\t<div class=\"elementor-element elementor-element-a102367 elementor-hidden-mobile elementor-widget elementor-widget-image\" data-id=\"a102367\" data-element_type=\"widget\" data-settings=\"{&quot;_animation_mobile&quot;:&quot;slideInRight&quot;}\" data-widget_type=\"image.default\">\n\t\t\t\t<div class=\"elementor-widget-container\">\n\t\t\t\t\t\t\t\t\t\t\t\t\t\t\t<img fetchpriority=\"high\" decoding=\"async\" width=\"1024\" height=\"461\" src=\"https:\/\/lotusawakenings.com\/wp-content\/uploads\/2023\/07\/reiki__la_valette_du_var-1024x461.jpg\" class=\"attachment-large size-large wp-image-5157\" alt=\"\" srcset=\"https:\/\/lotusawakenings.com\/wp-content\/uploads\/2023\/07\/reiki__la_valette_du_var-1024x461.jpg 1024w, https:\/\/lotusawakenings.com\/wp-content\/uploads\/2023\/07\/reiki__la_valette_du_var-300x135.jpg 300w, https:\/\/lotusawakenings.com\/wp-content\/uploads\/2023\/07\/reiki__la_valette_du_var-768x345.jpg 768w, https:\/\/lotusawakenings.com\/wp-content\/uploads\/2023\/07\/reiki__la_valette_du_var-1536x691.jpg 1536w, https:\/\/lotusawakenings.com\/wp-content\/uploads\/2023\/07\/reiki__la_valette_du_var.jpg 1754w\" sizes=\"(max-width: 1024px) 100vw, 1024px\" \/>\t\t\t\t\t\t\t\t\t\t\t\t\t\t\t<\/div>\n\t\t\t\t<\/div>\n\t\t\t\t<div class=\"elementor-element elementor-element-bb51098 elementor-hidden-desktop elementor-hidden-tablet elementor-widget elementor-widget-image\" data-id=\"bb51098\" data-element_type=\"widget\" data-settings=\"{&quot;_animation_mobile&quot;:&quot;slideInLeft&quot;}\" data-widget_type=\"image.default\">\n\t\t\t\t<div class=\"elementor-widget-container\">\n\t\t\t\t\t\t\t\t\t\t\t\t\t\t\t<img fetchpriority=\"high\" decoding=\"async\" width=\"1024\" height=\"461\" src=\"https:\/\/lotusawakenings.com\/wp-content\/uploads\/2023\/07\/reiki__la_valette_du_var-1024x461.jpg\" class=\"attachment-large size-large wp-image-5157\" alt=\"\" srcset=\"https:\/\/lotusawakenings.com\/wp-content\/uploads\/2023\/07\/reiki__la_valette_du_var-1024x461.jpg 1024w, https:\/\/lotusawakenings.com\/wp-content\/uploads\/2023\/07\/reiki__la_valette_du_var-300x135.jpg 300w, https:\/\/lotusawakenings.com\/wp-content\/uploads\/2023\/07\/reiki__la_valette_du_var-768x345.jpg 768w, https:\/\/lotusawakenings.com\/wp-content\/uploads\/2023\/07\/reiki__la_valette_du_var-1536x691.jpg 1536w, https:\/\/lotusawakenings.com\/wp-content\/uploads\/2023\/07\/reiki__la_valette_du_var.jpg 1754w\" sizes=\"(max-width: 1024px) 100vw, 1024px\" \/>\t\t\t\t\t\t\t\t\t\t\t\t\t\t\t<\/div>\n\t\t\t\t<\/div>\n\t\t\t\t<div class=\"elementor-element elementor-element-d4dead9 elementor-invisible elementor-widget elementor-widget-text-editor\" data-id=\"d4dead9\" data-element_type=\"widget\" data-settings=\"{&quot;_animation&quot;:&quot;fadeIn&quot;,&quot;_animation_delay&quot;:600}\" data-widget_type=\"text-editor.default\">\n\t\t\t\t<div class=\"elementor-widget-container\">\n\t\t\t\t\t\t\t\t\t<p><strong>Le cabinet de votre formatrice et praticienne Reiki est facilement accessible depuis <a href=\"https:\/\/lotusawakenings.com\/index.php\/lynn-thiry-formation-seance-reiki-toulon-83000-83100-83200\/\">Toulon<\/a>, <a href=\"https:\/\/lotusawakenings.com\/index.php\/lynn-thiry-formation-seance-reiki-la-garde-83130\/\">La Garde<\/a>, <a href=\"https:\/\/lotusawakenings.com\/index.php\/lynn-thiry-formation-seance-reiki-la-crau-83260\/\">La Crau<\/a>,\u00a0<a href=\"https:\/\/lotusawakenings.com\/index.php\/lynn-thiry-formation-seance-reiki-la-farlede-83210\/\">La Farl\u00e8de,<\/a> <a href=\"https:\/\/lotusawakenings.com\/index.php\/lynn-thiry-formation-seance-reiki-le-pradet-83220\/\">Le Pradet<\/a>, <a href=\"https:\/\/lotusawakenings.com\/index.php\/lynn-thiry-formation-seance-reiki-hyeres-83400\/\">Hy\u00e8res<\/a> et <a href=\"https:\/\/lotusawakenings.com\/index.php\/lynn-thiry-formation-seance-reiki-la-seyne-sur-mer-83500\/\">La Seyne-sur-Mer.<\/a><\/strong><\/p><p>Situ\u00e9e dans la r\u00e9gion\u00a0Provence-Alpes-C\u00f4te d&rsquo;Azur (PACA) et dans le d\u00e9partement\u00a0Var, <strong>la commune de La Crau (83260)<\/strong> compte pr\u00e8s de 18000 habitants. <strong>La ville de La Crau <\/strong>est positionn\u00e9e en arri\u00e8re des stations baln\u00e9aires d&rsquo;Hy\u00e8res et de Carqueiranne.<\/p>\t\t\t\t\t\t\t\t<\/div>\n\t\t\t\t<\/div>\n\t\t\t\t<div class=\"elementor-element elementor-element-61291e1 elementor-hidden-mobile elementor-widget elementor-widget-image\" data-id=\"61291e1\" data-element_type=\"widget\" data-settings=\"{&quot;_animation_mobile&quot;:&quot;slideInRight&quot;}\" data-widget_type=\"image.default\">\n\t\t\t\t<div class=\"elementor-widget-container\">\n\t\t\t\t\t\t\t\t\t\t\t\t\t\t\t<img decoding=\"async\" width=\"192\" height=\"263\" src=\"https:\/\/lotusawakenings.com\/wp-content\/uploads\/2024\/02\/lynn_thiry_LFRU.jpg\" class=\"attachment-medium_large size-medium_large wp-image-5962\" alt=\"\" \/>\t\t\t\t\t\t\t\t\t\t\t\t\t\t\t<\/div>\n\t\t\t\t<\/div>\n\t\t\t\t<div class=\"elementor-element elementor-element-d6a680c elementor-hidden-desktop elementor-hidden-tablet elementor-widget elementor-widget-image\" data-id=\"d6a680c\" data-element_type=\"widget\" data-settings=\"{&quot;_animation_mobile&quot;:&quot;slideInLeft&quot;}\" data-widget_type=\"image.default\">\n\t\t\t\t<div class=\"elementor-widget-container\">\n\t\t\t\t\t\t\t\t\t\t\t\t\t\t\t<img decoding=\"async\" width=\"192\" height=\"263\" src=\"https:\/\/lotusawakenings.com\/wp-content\/uploads\/2024\/02\/lynn_thiry_LFRU.jpg\" class=\"attachment-medium_large size-medium_large wp-image-5962\" alt=\"\" \/>\t\t\t\t\t\t\t\t\t\t\t\t\t\t\t<\/div>\n\t\t\t\t<\/div>\n\t\t\t\t<div class=\"elementor-element elementor-element-33663b0 elementor-invisible elementor-widget elementor-widget-heading\" data-id=\"33663b0\" data-element_type=\"widget\" data-settings=\"{&quot;_animation&quot;:&quot;fadeIn&quot;,&quot;_animation_delay&quot;:400}\" data-widget_type=\"heading.default\">\n\t\t\t\t<div class=\"elementor-widget-container\">\n\t\t\t\t\t<h1 class=\"elementor-heading-title elementor-size-default\">Lynn THIRY, votre praticienne Reiki proche de La Crau 83260<\/h1>\t\t\t\t<\/div>\n\t\t\t\t<\/div>\n\t\t\t\t<div class=\"elementor-element elementor-element-7fa3513 elementor-widget elementor-widget-text-editor\" data-id=\"7fa3513\" data-element_type=\"widget\" data-widget_type=\"text-editor.default\">\n\t\t\t\t<div class=\"elementor-widget-container\">\n\t\t\t\t\t\t\t\t\t<p>Lynn THIRY, praticienne et Ma\u00eetre Enseignante Reiki Usui\/Tibetan et Reiki Karuna\u00ae, vous propose des s\u00e9ances \u00e9nerg\u00e9tiques et des formations Reiki (Usui\/Tibetan et Karuna Reiki) de tout niveau.<\/p><p>D\u00e9couvrez les bienfaits du Reiki, profitez d\u2019une s\u00e9ance \u00e9nerg\u00e9tique Reiki, initiez-vous et formez-vous \u00e0 la pratique du Reiki.<\/p><p><b>Lynn THIRY vous re\u00e7oit \u00e0 son cabinet \u00e0 proximit\u00e9 de La Crau 83260 pour des formations Reiki et des s\u00e9ances \u00e9nerg\u00e9tiques Reiki<\/b><strong>.<\/strong><\/p><p>N&rsquo;h\u00e9sitez plus : r\u00e9servez d\u00e8s maintenant votre formation ou votre s\u00e9ance.<\/p>\t\t\t\t\t\t\t\t<\/div>\n\t\t\t\t<\/div>\n\t\t\t\t\t<\/div>\n\t\t<\/div>\n\t\t\t\t\t<\/div>\n\t\t<\/section>\n\t\t\t\t<section class=\"elementor-section elementor-top-section elementor-element elementor-element-77b76ac elementor-section-boxed elementor-section-height-default elementor-section-height-default\" data-id=\"77b76ac\" data-element_type=\"section\">\n\t\t\t\t\t\t<div class=\"elementor-container elementor-column-gap-default\">\n\t\t\t\t\t<div class=\"elementor-column elementor-col-100 elementor-top-column elementor-element elementor-element-054d9c3\" data-id=\"054d9c3\" data-element_type=\"column\">\n\t\t\t<div class=\"elementor-widget-wrap elementor-element-populated\">\n\t\t\t\t\t\t<div class=\"elementor-element elementor-element-c94a577 elementor-widget elementor-widget-google_maps\" data-id=\"c94a577\" data-element_type=\"widget\" data-widget_type=\"google_maps.default\">\n\t\t\t\t<div class=\"elementor-widget-container\">\n\t\t\t\t\t\t\t<div class=\"elementor-custom-embed\">\n\t\t\t<iframe loading=\"lazy\"\n\t\t\t\t\tsrc=\"https:\/\/maps.google.com\/maps?q=lynn%20thiry&#038;t=m&#038;z=13&#038;output=embed&#038;iwloc=near\"\n\t\t\t\t\ttitle=\"lynn thiry\"\n\t\t\t\t\taria-label=\"lynn thiry\"\n\t\t\t><\/iframe>\n\t\t<\/div>\n\t\t\t\t\t\t<\/div>\n\t\t\t\t<\/div>\n\t\t\t\t\t<\/div>\n\t\t<\/div>\n\t\t\t\t\t<\/div>\n\t\t<\/section>\n\t\t\t\t<\/div>\n\t\t","protected":false},"excerpt":{"rendered":"<p>S\u00e9ances \u00e9nerg\u00e9tiques Reiki et formations Reiki (Usui et Karuna) \u00e0 proximit\u00e9 de La Crau 83260 Le cabinet de votre formatrice et praticienne Reiki est facilement accessible depuis Toulon, La Garde, La Crau,\u00a0La Farl\u00e8de, Le Pradet, Hy\u00e8res et La Seyne-sur-Mer. Situ\u00e9e dans la r\u00e9gion\u00a0Provence-Alpes-C\u00f4te d&rsquo;Azur (PACA) et dans le d\u00e9partement\u00a0Var, la commune de La Crau (83260) [&hellip;]<\/p>\n","protected":false},"author":1,"featured_media":0,"parent":0,"menu_order":0,"comment_status":"closed","ping_status":"closed","template":"elementor_header_footer","meta":{"ocean_post_layout":"","ocean_both_sidebars_style":"","ocean_both_sidebars_content_width":0,"ocean_both_sidebars_sidebars_width":0,"ocean_sidebar":"","ocean_second_sidebar":"","ocean_disable_margins":"enable","ocean_add_body_class":"","ocean_shortcode_before_top_bar":"","ocean_shortcode_after_top_bar":"","ocean_shortcode_before_header":"","ocean_shortcode_after_header":"","ocean_has_shortcode":"","ocean_shortcode_after_title":"","ocean_shortcode_before_footer_widgets":"","ocean_shortcode_after_footer_widgets":"","ocean_shortcode_before_footer_bottom":"","ocean_shortcode_after_footer_bottom":"","ocean_display_top_bar":"default","ocean_display_header":"default","ocean_header_style":"","ocean_center_header_left_menu":"","ocean_custom_header_template":"","ocean_custom_logo":0,"ocean_custom_retina_logo":0,"ocean_custom_logo_max_width":0,"ocean_custom_logo_tablet_max_width":0,"ocean_custom_logo_mobile_max_width":0,"ocean_custom_logo_max_height":0,"ocean_custom_logo_tablet_max_height":0,"ocean_custom_logo_mobile_max_height":0,"ocean_header_custom_menu":"","ocean_menu_typo_font_family":"","ocean_menu_typo_font_subset":"","ocean_menu_typo_font_size":0,"ocean_menu_typo_font_size_tablet":0,"ocean_menu_typo_font_size_mobile":0,"ocean_menu_typo_font_size_unit":"px","ocean_menu_typo_font_weight":"","ocean_menu_typo_font_weight_tablet":"","ocean_menu_typo_font_weight_mobile":"","ocean_menu_typo_transform":"","ocean_menu_typo_transform_tablet":"","ocean_menu_typo_transform_mobile":"","ocean_menu_typo_line_height":0,"ocean_menu_typo_line_height_tablet":0,"ocean_menu_typo_line_height_mobile":0,"ocean_menu_typo_line_height_unit":"","ocean_menu_typo_spacing":0,"ocean_menu_typo_spacing_tablet":0,"ocean_menu_typo_spacing_mobile":0,"ocean_menu_typo_spacing_unit":"","ocean_menu_link_color":"","ocean_menu_link_color_hover":"","ocean_menu_link_color_active":"","ocean_menu_link_background":"","ocean_menu_link_hover_background":"","ocean_menu_link_active_background":"","ocean_menu_social_links_bg":"","ocean_menu_social_hover_links_bg":"","ocean_menu_social_links_color":"","ocean_menu_social_hover_links_color":"","ocean_disable_title":"default","ocean_disable_heading":"default","ocean_post_title":"","ocean_post_subheading":"","ocean_post_title_style":"","ocean_post_title_background_color":"","ocean_post_title_background":0,"ocean_post_title_bg_image_position":"","ocean_post_title_bg_image_attachment":"","ocean_post_title_bg_image_repeat":"","ocean_post_title_bg_image_size":"","ocean_post_title_height":0,"ocean_post_title_bg_overlay":0.5,"ocean_post_title_bg_overlay_color":"","ocean_disable_breadcrumbs":"default","ocean_breadcrumbs_color":"","ocean_breadcrumbs_separator_color":"","ocean_breadcrumbs_links_color":"","ocean_breadcrumbs_links_hover_color":"","ocean_display_footer_widgets":"default","ocean_display_footer_bottom":"default","ocean_custom_footer_template":"","footnotes":""},"class_list":["post-6904","page","type-page","status-publish","hentry","entry"],"_links":{"self":[{"href":"https:\/\/lotusawakenings.com\/index.php\/wp-json\/wp\/v2\/pages\/6904","targetHints":{"allow":["GET"]}}],"collection":[{"href":"https:\/\/lotusawakenings.com\/index.php\/wp-json\/wp\/v2\/pages"}],"about":[{"href":"https:\/\/lotusawakenings.com\/index.php\/wp-json\/wp\/v2\/types\/page"}],"author":[{"embeddable":true,"href":"https:\/\/lotusawakenings.com\/index.php\/wp-json\/wp\/v2\/users\/1"}],"replies":[{"embeddable":true,"href":"https:\/\/lotusawakenings.com\/index.php\/wp-json\/wp\/v2\/comments?post=6904"}],"version-history":[{"count":7,"href":"https:\/\/lotusawakenings.com\/index.php\/wp-json\/wp\/v2\/pages\/6904\/revisions"}],"predecessor-version":[{"id":7071,"href":"https:\/\/lotusawakenings.com\/index.php\/wp-json\/wp\/v2\/pages\/6904\/revisions\/7071"}],"wp:attachment":[{"href":"https:\/\/lotusawakenings.com\/index.php\/wp-json\/wp\/v2\/media?parent=6904"}],"curies":[{"name":"wp","href":"https:\/\/api.w.org\/{rel}","templated":true}]}}