{"id":6841,"date":"2024-03-27T09:32:24","date_gmt":"2024-03-27T08:32:24","guid":{"rendered":"https:\/\/lotusawakenings.com\/?page_id=6841"},"modified":"2024-03-27T11:33:31","modified_gmt":"2024-03-27T10:33:31","slug":"lynn-thiry-naturopathie-naturopathe-la-farlede-83210","status":"publish","type":"page","link":"https:\/\/lotusawakenings.com\/index.php\/lynn-thiry-naturopathie-naturopathe-la-farlede-83210\/","title":{"rendered":"Lynn THIRY naturopathie-naturopathe-la-farl\u00e8de-83210"},"content":{"rendered":"\t\t<div data-elementor-type=\"wp-page\" data-elementor-id=\"6841\" class=\"elementor elementor-6841\">\n\t\t\t\t\t\t<section class=\"elementor-section elementor-top-section elementor-element elementor-element-7cefc5f elementor-section-full_width elementor-section-height-default elementor-section-height-default\" data-id=\"7cefc5f\" data-element_type=\"section\">\n\t\t\t\t\t\t<div class=\"elementor-container elementor-column-gap-default\">\n\t\t\t\t\t<div class=\"elementor-column elementor-col-100 elementor-top-column elementor-element elementor-element-c175ff4\" data-id=\"c175ff4\" data-element_type=\"column\">\n\t\t\t<div class=\"elementor-widget-wrap elementor-element-populated\">\n\t\t\t\t\t\t<div class=\"elementor-element elementor-element-ba4c8e0 elementor-invisible elementor-widget elementor-widget-heading\" data-id=\"ba4c8e0\" data-element_type=\"widget\" data-settings=\"{&quot;_animation&quot;:&quot;fadeIn&quot;,&quot;_animation_delay&quot;:400}\" data-widget_type=\"heading.default\">\n\t\t\t\t<div class=\"elementor-widget-container\">\n\t\t\t\t\t<h1 class=\"elementor-heading-title elementor-size-default\">Naturopathie Naturopathe \u00e0 proximit\u00e9 de La Farl\u00e8de 83210<\/h1>\t\t\t\t<\/div>\n\t\t\t\t<\/div>\n\t\t\t\t<div class=\"elementor-element elementor-element-8da4b9e elementor-hidden-mobile elementor-widget elementor-widget-image\" data-id=\"8da4b9e\" data-element_type=\"widget\" data-settings=\"{&quot;_animation_mobile&quot;:&quot;slideInRight&quot;}\" data-widget_type=\"image.default\">\n\t\t\t\t<div class=\"elementor-widget-container\">\n\t\t\t\t\t\t\t\t\t\t\t\t\t\t\t<img fetchpriority=\"high\" decoding=\"async\" width=\"1024\" height=\"461\" src=\"https:\/\/lotusawakenings.com\/wp-content\/uploads\/2023\/07\/naturopathie_la_valette_du_var-1024x461.jpg\" class=\"attachment-large size-large wp-image-5155\" alt=\"\" srcset=\"https:\/\/lotusawakenings.com\/wp-content\/uploads\/2023\/07\/naturopathie_la_valette_du_var-1024x461.jpg 1024w, https:\/\/lotusawakenings.com\/wp-content\/uploads\/2023\/07\/naturopathie_la_valette_du_var-300x135.jpg 300w, https:\/\/lotusawakenings.com\/wp-content\/uploads\/2023\/07\/naturopathie_la_valette_du_var-768x345.jpg 768w, https:\/\/lotusawakenings.com\/wp-content\/uploads\/2023\/07\/naturopathie_la_valette_du_var-1536x691.jpg 1536w, https:\/\/lotusawakenings.com\/wp-content\/uploads\/2023\/07\/naturopathie_la_valette_du_var.jpg 1754w\" sizes=\"(max-width: 1024px) 100vw, 1024px\" \/>\t\t\t\t\t\t\t\t\t\t\t\t\t\t\t<\/div>\n\t\t\t\t<\/div>\n\t\t\t\t<div class=\"elementor-element elementor-element-05f7f27 elementor-hidden-desktop elementor-hidden-tablet elementor-widget elementor-widget-image\" data-id=\"05f7f27\" data-element_type=\"widget\" data-settings=\"{&quot;_animation_mobile&quot;:&quot;slideInLeft&quot;}\" data-widget_type=\"image.default\">\n\t\t\t\t<div class=\"elementor-widget-container\">\n\t\t\t\t\t\t\t\t\t\t\t\t\t\t\t<img fetchpriority=\"high\" decoding=\"async\" width=\"1024\" height=\"461\" src=\"https:\/\/lotusawakenings.com\/wp-content\/uploads\/2023\/07\/naturopathie_la_valette_du_var-1024x461.jpg\" class=\"attachment-large size-large wp-image-5155\" alt=\"\" srcset=\"https:\/\/lotusawakenings.com\/wp-content\/uploads\/2023\/07\/naturopathie_la_valette_du_var-1024x461.jpg 1024w, https:\/\/lotusawakenings.com\/wp-content\/uploads\/2023\/07\/naturopathie_la_valette_du_var-300x135.jpg 300w, https:\/\/lotusawakenings.com\/wp-content\/uploads\/2023\/07\/naturopathie_la_valette_du_var-768x345.jpg 768w, https:\/\/lotusawakenings.com\/wp-content\/uploads\/2023\/07\/naturopathie_la_valette_du_var-1536x691.jpg 1536w, https:\/\/lotusawakenings.com\/wp-content\/uploads\/2023\/07\/naturopathie_la_valette_du_var.jpg 1754w\" sizes=\"(max-width: 1024px) 100vw, 1024px\" \/>\t\t\t\t\t\t\t\t\t\t\t\t\t\t\t<\/div>\n\t\t\t\t<\/div>\n\t\t\t\t<div class=\"elementor-element elementor-element-a326a92 elementor-invisible elementor-widget elementor-widget-text-editor\" data-id=\"a326a92\" data-element_type=\"widget\" data-settings=\"{&quot;_animation&quot;:&quot;fadeIn&quot;,&quot;_animation_delay&quot;:600}\" data-widget_type=\"text-editor.default\">\n\t\t\t\t<div class=\"elementor-widget-container\">\n\t\t\t\t\t\t\t\t\t<p>J&rsquo;utilise une <strong>approche naturelle<\/strong> bas\u00e9e sur des techniques de m\u00e9decines <strong>douces<\/strong> ou m\u00e9decines alternatives : <strong>Naturopathie, Aromath\u00e9rapie (huiles essentielles), Fleurs de Bach, Quantum Touch, Pratique \u00e9nerg\u00e9tique (Reiki), Yoga, M\u00e9ditation, Techniques de respiration<\/strong>.<\/p><p>Mon approche est <strong>holistique<\/strong>\u00a0: elle a pour but de vous aider \u00e0 r\u00e9guler l\u2019<strong>\u00e9quilibre<\/strong> g\u00e9n\u00e9ral du corps pour retrouver l&rsquo;<strong>harmonie<\/strong> sur le plan <strong>physique et psychique<\/strong>. Si vous recherchez une <strong>solution naturelle<\/strong> pour am\u00e9liorer vos probl\u00e8mes et soucis de sant\u00e9, n&rsquo;h\u00e9sitez plus.<\/p><p>Aujourd&rsquo;hui, j&rsquo;exerce dans mon <strong>cabinet \u00e0 La Valette du Var 83160<\/strong> situ\u00e9 \u00e0 proximit\u00e9 de La Garde 83130, Le Pradet 83220, La Crau 83260, La farl\u00e8de 83210, Hy\u00e8res 83400, Toulon 83000 83100 83200, La Seyne-sur-Mer 83500. Mon cabinet est ouvert \u00e0 toutes et \u00e0 tous. Notez que les consultations ou s\u00e9ances sont accessibles seulement avec <strong>rendez-vous<\/strong>.<\/p>\t\t\t\t\t\t\t\t<\/div>\n\t\t\t\t<\/div>\n\t\t\t\t<div class=\"elementor-element elementor-element-c697c9d elementor-hidden-mobile elementor-widget elementor-widget-image\" data-id=\"c697c9d\" data-element_type=\"widget\" data-settings=\"{&quot;_animation_mobile&quot;:&quot;slideInRight&quot;}\" data-widget_type=\"image.default\">\n\t\t\t\t<div class=\"elementor-widget-container\">\n\t\t\t\t\t\t\t\t\t\t\t\t\t\t\t<img decoding=\"async\" width=\"480\" height=\"640\" src=\"https:\/\/lotusawakenings.com\/wp-content\/uploads\/2024\/03\/lynn_thiry_aromatherapeute-lavaletteduvar_83160-rotated.jpg\" class=\"attachment-large size-large wp-image-6180\" alt=\"\" srcset=\"https:\/\/lotusawakenings.com\/wp-content\/uploads\/2024\/03\/lynn_thiry_aromatherapeute-lavaletteduvar_83160-rotated.jpg 480w, https:\/\/lotusawakenings.com\/wp-content\/uploads\/2024\/03\/lynn_thiry_aromatherapeute-lavaletteduvar_83160-225x300.jpg 225w\" sizes=\"(max-width: 480px) 100vw, 480px\" \/>\t\t\t\t\t\t\t\t\t\t\t\t\t\t\t<\/div>\n\t\t\t\t<\/div>\n\t\t\t\t<div class=\"elementor-element elementor-element-95cf193 elementor-hidden-desktop elementor-hidden-tablet elementor-widget elementor-widget-image\" data-id=\"95cf193\" data-element_type=\"widget\" data-settings=\"{&quot;_animation_mobile&quot;:&quot;slideInLeft&quot;}\" data-widget_type=\"image.default\">\n\t\t\t\t<div class=\"elementor-widget-container\">\n\t\t\t\t\t\t\t\t\t\t\t\t\t\t\t<img decoding=\"async\" width=\"225\" height=\"300\" src=\"https:\/\/lotusawakenings.com\/wp-content\/uploads\/2024\/03\/lynn_thiry_aromatherapeute-lavaletteduvar_83160-225x300.jpg\" class=\"attachment-medium size-medium wp-image-6180\" alt=\"\" srcset=\"https:\/\/lotusawakenings.com\/wp-content\/uploads\/2024\/03\/lynn_thiry_aromatherapeute-lavaletteduvar_83160-225x300.jpg 225w, https:\/\/lotusawakenings.com\/wp-content\/uploads\/2024\/03\/lynn_thiry_aromatherapeute-lavaletteduvar_83160-rotated.jpg 480w\" sizes=\"(max-width: 225px) 100vw, 225px\" \/>\t\t\t\t\t\t\t\t\t\t\t\t\t\t\t<\/div>\n\t\t\t\t<\/div>\n\t\t\t\t<div class=\"elementor-element elementor-element-a0b71c6 elementor-invisible elementor-widget elementor-widget-heading\" data-id=\"a0b71c6\" data-element_type=\"widget\" data-settings=\"{&quot;_animation&quot;:&quot;fadeIn&quot;,&quot;_animation_delay&quot;:400}\" data-widget_type=\"heading.default\">\n\t\t\t\t<div class=\"elementor-widget-container\">\n\t\t\t\t\t<h1 class=\"elementor-heading-title elementor-size-default\">Lynn THIRY, votre naturopathe proche de La Farl\u00e8de 83210<\/h1>\t\t\t\t<\/div>\n\t\t\t\t<\/div>\n\t\t\t\t<div class=\"elementor-element elementor-element-4c50157 elementor-invisible elementor-widget elementor-widget-text-editor\" data-id=\"4c50157\" data-element_type=\"widget\" data-settings=\"{&quot;_animation&quot;:&quot;fadeIn&quot;,&quot;_animation_delay&quot;:600}\" data-widget_type=\"text-editor.default\">\n\t\t\t\t<div class=\"elementor-widget-container\">\n\t\t\t\t\t\t\t\t\t<p><strong>Le cabinet de votre\u00a0naturopathe\u00a0est facilement accessible depuis <a href=\"https:\/\/lotusawakenings.com\/index.php\/lynn-thiry-naturopathie-naturopathe-toulon-83000-83100-83200\/\">Toulon<\/a>, <a href=\"https:\/\/lotusawakenings.com\/index.php\/lynn-thiry-naturopathie-naturopathe-la-garde-83130\/\">La Garde<\/a>, <a href=\"https:\/\/lotusawakenings.com\/index.php\/lynn-thiry-naturopathie-naturopathe-la-crau-83260\/\">La Crau<\/a>,\u00a0<a href=\"https:\/\/lotusawakenings.com\/index.php\/lynn-thiry-naturopathie-naturopathe-la-farlede-83210\/\">La Farl\u00e8de,<\/a> <a href=\"https:\/\/lotusawakenings.com\/index.php\/lynn-thiry-naturopathie-naturopathe-le-pradet-83220\/\">Le Pradet<\/a>, <a href=\"https:\/\/lotusawakenings.com\/index.php\/lynn-thiry-naturopathie-naturopathe-hyeres-83400\/\">Hy\u00e8res<\/a> et <a href=\"https:\/\/lotusawakenings.com\/index.php\/lynn-thiry-naturopathie-naturopathe-la-seyne-sur-mer-83500\/\">La Seyne-sur-Mer<\/a>\u00a0 pour toute s\u00e9ance de naturopathie.<\/strong><\/p><p>Situ\u00e9e dans la r\u00e9gion\u00a0Provence-Alpes-C\u00f4te d&rsquo;Azur (PACA) et dans le d\u00e9partement\u00a0Var, <strong>la commune de La Farl\u00e8de (83210)<\/strong>\u00a0compte un peu plus de 9000 habitants. <strong>La ville de La Farl\u00e8de <\/strong>est une <span style=\"font-size: 14px; color: var( --e-global-color-text ); letter-spacing: 0px;\"> commune <\/span><span style=\"font-size: 14px; color: var( --e-global-color-text ); letter-spacing: 0px;\">situ\u00e9e \u00e0 l&rsquo;est de Toulon. <\/span><span style=\"color: #202122;\"><span style=\"font-family: sans-serif;\"><span style=\"font-size: small;\">La commune de <strong>La Farl\u00e8de <\/strong>est s\u00e9par\u00e9e de\u00a0Solli\u00e8s-Pont\u00a0par un\u00a0angle\u00a0de la commune de\u00a0Solli\u00e8s-Ville.<\/span><\/span><\/span><\/p>\t\t\t\t\t\t\t\t<\/div>\n\t\t\t\t<\/div>\n\t\t\t\t<div class=\"elementor-element elementor-element-b3b0b87 elementor-hidden-mobile elementor-widget elementor-widget-image\" data-id=\"b3b0b87\" data-element_type=\"widget\" data-settings=\"{&quot;_animation_mobile&quot;:&quot;slideInRight&quot;}\" data-widget_type=\"image.default\">\n\t\t\t\t<div class=\"elementor-widget-container\">\n\t\t\t\t\t\t\t\t\t\t\t\t\t\t\t<img loading=\"lazy\" decoding=\"async\" width=\"768\" height=\"234\" src=\"https:\/\/lotusawakenings.com\/wp-content\/uploads\/2024\/02\/logo_lynn_thiry_annuaire_naturopathe_omnes-768x234.png\" class=\"attachment-medium_large size-medium_large wp-image-6120\" alt=\"\" srcset=\"https:\/\/lotusawakenings.com\/wp-content\/uploads\/2024\/02\/logo_lynn_thiry_annuaire_naturopathe_omnes-768x234.png 768w, https:\/\/lotusawakenings.com\/wp-content\/uploads\/2024\/02\/logo_lynn_thiry_annuaire_naturopathe_omnes-300x91.png 300w, https:\/\/lotusawakenings.com\/wp-content\/uploads\/2024\/02\/logo_lynn_thiry_annuaire_naturopathe_omnes-1024x312.png 1024w, https:\/\/lotusawakenings.com\/wp-content\/uploads\/2024\/02\/logo_lynn_thiry_annuaire_naturopathe_omnes.png 1510w\" sizes=\"(max-width: 768px) 100vw, 768px\" \/>\t\t\t\t\t\t\t\t\t\t\t\t\t\t\t<\/div>\n\t\t\t\t<\/div>\n\t\t\t\t<div class=\"elementor-element elementor-element-6954bc8 elementor-hidden-desktop elementor-hidden-tablet elementor-widget elementor-widget-image\" data-id=\"6954bc8\" data-element_type=\"widget\" data-settings=\"{&quot;_animation_mobile&quot;:&quot;slideInLeft&quot;}\" data-widget_type=\"image.default\">\n\t\t\t\t<div class=\"elementor-widget-container\">\n\t\t\t\t\t\t\t\t\t\t\t\t\t\t\t<img loading=\"lazy\" decoding=\"async\" width=\"768\" height=\"234\" src=\"https:\/\/lotusawakenings.com\/wp-content\/uploads\/2024\/02\/logo_lynn_thiry_annuaire_naturopathe_omnes-768x234.png\" class=\"attachment-medium_large size-medium_large wp-image-6120\" alt=\"\" srcset=\"https:\/\/lotusawakenings.com\/wp-content\/uploads\/2024\/02\/logo_lynn_thiry_annuaire_naturopathe_omnes-768x234.png 768w, https:\/\/lotusawakenings.com\/wp-content\/uploads\/2024\/02\/logo_lynn_thiry_annuaire_naturopathe_omnes-300x91.png 300w, https:\/\/lotusawakenings.com\/wp-content\/uploads\/2024\/02\/logo_lynn_thiry_annuaire_naturopathe_omnes-1024x312.png 1024w, https:\/\/lotusawakenings.com\/wp-content\/uploads\/2024\/02\/logo_lynn_thiry_annuaire_naturopathe_omnes.png 1510w\" sizes=\"(max-width: 768px) 100vw, 768px\" \/>\t\t\t\t\t\t\t\t\t\t\t\t\t\t\t<\/div>\n\t\t\t\t<\/div>\n\t\t\t\t<div class=\"elementor-element elementor-element-5d7b78a elementor-widget elementor-widget-text-editor\" data-id=\"5d7b78a\" data-element_type=\"widget\" data-widget_type=\"text-editor.default\">\n\t\t\t\t<div class=\"elementor-widget-container\">\n\t\t\t\t\t\t\t\t\t<p>Lynn THIRY, votre praticienne en naturopathie, vous accompagne afin de retrouver un \u00e9quilibre et une bonne hygi\u00e8ne de vie. Votre naturopathe vous propose une combinaison de diff\u00e9rentes techniques naturelles (naturopathie, aromath\u00e9rapie, s\u00e9ance \u00e9nerg\u00e9tique, yoga&#8230;) pour vous aider et obtenir des am\u00e9liorations rapidement.<\/p><p><strong>Lynn THIRY, naturopathe certifi\u00e9e, vous re\u00e7oit \u00e0 son cabinet \u00e0 proximit\u00e9 de la ville de La Farl\u00e8de 83210 pour une consultation en naturopathie.<\/strong><\/p><p>N&rsquo;h\u00e9sitez plus : r\u00e9servez d\u00e8s maintenant votre consultation.<\/p>\t\t\t\t\t\t\t\t<\/div>\n\t\t\t\t<\/div>\n\t\t\t\t\t<\/div>\n\t\t<\/div>\n\t\t\t\t\t<\/div>\n\t\t<\/section>\n\t\t\t\t<section class=\"elementor-section elementor-top-section elementor-element elementor-element-c4bc098 elementor-section-boxed elementor-section-height-default elementor-section-height-default\" data-id=\"c4bc098\" data-element_type=\"section\">\n\t\t\t\t\t\t<div class=\"elementor-container elementor-column-gap-default\">\n\t\t\t\t\t<div class=\"elementor-column elementor-col-100 elementor-top-column elementor-element elementor-element-0bc59f2\" data-id=\"0bc59f2\" data-element_type=\"column\">\n\t\t\t<div class=\"elementor-widget-wrap elementor-element-populated\">\n\t\t\t\t\t\t<div class=\"elementor-element elementor-element-4281931 elementor-widget elementor-widget-google_maps\" data-id=\"4281931\" data-element_type=\"widget\" data-widget_type=\"google_maps.default\">\n\t\t\t\t<div class=\"elementor-widget-container\">\n\t\t\t\t\t\t\t<div class=\"elementor-custom-embed\">\n\t\t\t<iframe loading=\"lazy\"\n\t\t\t\t\tsrc=\"https:\/\/maps.google.com\/maps?q=lynn%20thiry&#038;t=m&#038;z=13&#038;output=embed&#038;iwloc=near\"\n\t\t\t\t\ttitle=\"lynn thiry\"\n\t\t\t\t\taria-label=\"lynn thiry\"\n\t\t\t><\/iframe>\n\t\t<\/div>\n\t\t\t\t\t\t<\/div>\n\t\t\t\t<\/div>\n\t\t\t\t\t<\/div>\n\t\t<\/div>\n\t\t\t\t\t<\/div>\n\t\t<\/section>\n\t\t\t\t<\/div>\n\t\t","protected":false},"excerpt":{"rendered":"<p>Naturopathie Naturopathe \u00e0 proximit\u00e9 de La Farl\u00e8de 83210 J&rsquo;utilise une approche naturelle bas\u00e9e sur des techniques de m\u00e9decines douces ou m\u00e9decines alternatives : Naturopathie, Aromath\u00e9rapie (huiles essentielles), Fleurs de Bach, Quantum Touch, Pratique \u00e9nerg\u00e9tique (Reiki), Yoga, M\u00e9ditation, Techniques de respiration. Mon approche est holistique\u00a0: elle a pour but de vous aider \u00e0 r\u00e9guler l\u2019\u00e9quilibre g\u00e9n\u00e9ral [&hellip;]<\/p>\n","protected":false},"author":1,"featured_media":0,"parent":0,"menu_order":0,"comment_status":"closed","ping_status":"closed","template":"elementor_header_footer","meta":{"ocean_post_layout":"","ocean_both_sidebars_style":"","ocean_both_sidebars_content_width":0,"ocean_both_sidebars_sidebars_width":0,"ocean_sidebar":"","ocean_second_sidebar":"","ocean_disable_margins":"enable","ocean_add_body_class":"","ocean_shortcode_before_top_bar":"","ocean_shortcode_after_top_bar":"","ocean_shortcode_before_header":"","ocean_shortcode_after_header":"","ocean_has_shortcode":"","ocean_shortcode_after_title":"","ocean_shortcode_before_footer_widgets":"","ocean_shortcode_after_footer_widgets":"","ocean_shortcode_before_footer_bottom":"","ocean_shortcode_after_footer_bottom":"","ocean_display_top_bar":"default","ocean_display_header":"default","ocean_header_style":"","ocean_center_header_left_menu":"","ocean_custom_header_template":"","ocean_custom_logo":0,"ocean_custom_retina_logo":0,"ocean_custom_logo_max_width":0,"ocean_custom_logo_tablet_max_width":0,"ocean_custom_logo_mobile_max_width":0,"ocean_custom_logo_max_height":0,"ocean_custom_logo_tablet_max_height":0,"ocean_custom_logo_mobile_max_height":0,"ocean_header_custom_menu":"","ocean_menu_typo_font_family":"","ocean_menu_typo_font_subset":"","ocean_menu_typo_font_size":0,"ocean_menu_typo_font_size_tablet":0,"ocean_menu_typo_font_size_mobile":0,"ocean_menu_typo_font_size_unit":"px","ocean_menu_typo_font_weight":"","ocean_menu_typo_font_weight_tablet":"","ocean_menu_typo_font_weight_mobile":"","ocean_menu_typo_transform":"","ocean_menu_typo_transform_tablet":"","ocean_menu_typo_transform_mobile":"","ocean_menu_typo_line_height":0,"ocean_menu_typo_line_height_tablet":0,"ocean_menu_typo_line_height_mobile":0,"ocean_menu_typo_line_height_unit":"","ocean_menu_typo_spacing":0,"ocean_menu_typo_spacing_tablet":0,"ocean_menu_typo_spacing_mobile":0,"ocean_menu_typo_spacing_unit":"","ocean_menu_link_color":"","ocean_menu_link_color_hover":"","ocean_menu_link_color_active":"","ocean_menu_link_background":"","ocean_menu_link_hover_background":"","ocean_menu_link_active_background":"","ocean_menu_social_links_bg":"","ocean_menu_social_hover_links_bg":"","ocean_menu_social_links_color":"","ocean_menu_social_hover_links_color":"","ocean_disable_title":"default","ocean_disable_heading":"default","ocean_post_title":"","ocean_post_subheading":"","ocean_post_title_style":"","ocean_post_title_background_color":"","ocean_post_title_background":0,"ocean_post_title_bg_image_position":"","ocean_post_title_bg_image_attachment":"","ocean_post_title_bg_image_repeat":"","ocean_post_title_bg_image_size":"","ocean_post_title_height":0,"ocean_post_title_bg_overlay":0.5,"ocean_post_title_bg_overlay_color":"","ocean_disable_breadcrumbs":"default","ocean_breadcrumbs_color":"","ocean_breadcrumbs_separator_color":"","ocean_breadcrumbs_links_color":"","ocean_breadcrumbs_links_hover_color":"","ocean_display_footer_widgets":"default","ocean_display_footer_bottom":"default","ocean_custom_footer_template":"","footnotes":""},"class_list":["post-6841","page","type-page","status-publish","hentry","entry"],"_links":{"self":[{"href":"https:\/\/lotusawakenings.com\/index.php\/wp-json\/wp\/v2\/pages\/6841","targetHints":{"allow":["GET"]}}],"collection":[{"href":"https:\/\/lotusawakenings.com\/index.php\/wp-json\/wp\/v2\/pages"}],"about":[{"href":"https:\/\/lotusawakenings.com\/index.php\/wp-json\/wp\/v2\/types\/page"}],"author":[{"embeddable":true,"href":"https:\/\/lotusawakenings.com\/index.php\/wp-json\/wp\/v2\/users\/1"}],"replies":[{"embeddable":true,"href":"https:\/\/lotusawakenings.com\/index.php\/wp-json\/wp\/v2\/comments?post=6841"}],"version-history":[{"count":16,"href":"https:\/\/lotusawakenings.com\/index.php\/wp-json\/wp\/v2\/pages\/6841\/revisions"}],"predecessor-version":[{"id":7108,"href":"https:\/\/lotusawakenings.com\/index.php\/wp-json\/wp\/v2\/pages\/6841\/revisions\/7108"}],"wp:attachment":[{"href":"https:\/\/lotusawakenings.com\/index.php\/wp-json\/wp\/v2\/media?parent=6841"}],"curies":[{"name":"wp","href":"https:\/\/api.w.org\/{rel}","templated":true}]}}